{"id":4242,"date":"2022-12-16T16:59:53","date_gmt":"2022-12-16T13:59:53","guid":{"rendered":"https:\/\/farandekor.com\/%d9%83%d8%aa%d8%a7%d9%84%d9%88%d8%ac-%d8%a7%d9%84%d8%a3%d9%84%d9%88%d8%a7%d9%86\/"},"modified":"2022-12-25T10:06:01","modified_gmt":"2022-12-25T07:06:01","slug":"%d9%83%d8%aa%d8%a7%d9%84%d9%88%d8%ac-%d8%a7%d9%84%d8%a3%d9%84%d9%88%d8%a7%d9%86","status":"publish","type":"page","link":"https:\/\/farandekor.com\/ar\/%d9%83%d8%aa%d8%a7%d9%84%d9%88%d8%ac-%d8%a7%d9%84%d8%a3%d9%84%d9%88%d8%a7%d9%86\/","title":{"rendered":"\u0643\u062a\u0627\u0644\u0648\u062c \u0627\u0644\u0623\u0644\u0648\u0627\u0646"},"content":{"rendered":"<div id='av_section_1'  class='avia-section av-26r9fgm-976dddf264592380d790b1d08233be27 main_color avia-section-default avia-no-shadow  avia-builder-el-0  el_before_av_section  avia-builder-el-first  avia-bg-style-scroll container_wrap sidebar_right'  ><div class='container av-section-cont-open' ><main  role=\"main\" itemprop=\"mainContentOfPage\"  class='template-page content  av-content-small alpha units'><div class='post-entry post-entry-type-page post-entry-4242'><div class='entry-content-wrapper clearfix'>\n<div class='flex_column av-7o2xxi-0f2e93df045d933bccf92c15b5263996 av_one_full  avia-builder-el-1  avia-builder-el-no-sibling  first flex_column_div '   ><style type=\"text\/css\" data-created_by=\"avia_inline_auto\" id=\"style-css-av-lb7zswkb-ab6e7ab0ee2b74fdd60057624412340a\">\n.avia-image-container.av-lb7zswkb-ab6e7ab0ee2b74fdd60057624412340a .av-image-caption-overlay-center{\ncolor:#ffffff;\n}\n<\/style>\n<div  class='avia-image-container av-lb7zswkb-ab6e7ab0ee2b74fdd60057624412340a av-styling- avia-align-center  avia-builder-el-2  avia-builder-el-no-sibling '  itemprop=\"image\" itemscope=\"itemscope\" itemtype=\"https:\/\/schema.org\/ImageObject\" ><div class=\"avia-image-container-inner\"><div class=\"avia-image-overlay-wrap\"><a href=\"https:\/\/farandekor.com\/wp-content\/uploads\/2022\/12\/renk-kartelasi-1030x590.jpg\" data-srcset=\"https:\/\/farandekor.com\/wp-content\/uploads\/2022\/12\/renk-kartelasi-1030x590.jpg 1030w, https:\/\/farandekor.com\/wp-content\/uploads\/2022\/12\/renk-kartelasi-300x172.jpg 300w, https:\/\/farandekor.com\/wp-content\/uploads\/2022\/12\/renk-kartelasi-768x440.jpg 768w, https:\/\/farandekor.com\/wp-content\/uploads\/2022\/12\/renk-kartelasi-1536x880.jpg 1536w, https:\/\/farandekor.com\/wp-content\/uploads\/2022\/12\/renk-kartelasi-1500x860.jpg 1500w, https:\/\/farandekor.com\/wp-content\/uploads\/2022\/12\/renk-kartelasi-705x404.jpg 705w, https:\/\/farandekor.com\/wp-content\/uploads\/2022\/12\/renk-kartelasi.jpg 1600w\" data-sizes=\"(max-width: 1030px) 100vw, 1030px\" class='avia_image' ><img decoding=\"async\" class='wp-image-4053 avia-img-lazy-loading-not-4053 avia_image' src=\"https:\/\/farandekor.com\/wp-content\/uploads\/2022\/12\/renk-kartelasi.jpg\" alt='' title='Renk Kartelas\u0131'  height=\"917\" width=\"1600\"  itemprop=\"thumbnailUrl\" srcset=\"https:\/\/farandekor.com\/wp-content\/uploads\/2022\/12\/renk-kartelasi.jpg 1600w, https:\/\/farandekor.com\/wp-content\/uploads\/2022\/12\/renk-kartelasi-300x172.jpg 300w, https:\/\/farandekor.com\/wp-content\/uploads\/2022\/12\/renk-kartelasi-1030x590.jpg 1030w, https:\/\/farandekor.com\/wp-content\/uploads\/2022\/12\/renk-kartelasi-768x440.jpg 768w, https:\/\/farandekor.com\/wp-content\/uploads\/2022\/12\/renk-kartelasi-1536x880.jpg 1536w, https:\/\/farandekor.com\/wp-content\/uploads\/2022\/12\/renk-kartelasi-1500x860.jpg 1500w, https:\/\/farandekor.com\/wp-content\/uploads\/2022\/12\/renk-kartelasi-705x404.jpg 705w\" sizes=\"(max-width: 1600px) 100vw, 1600px\" \/><\/a><\/div><\/div><\/div><\/div>\n\n<\/div><\/div><\/main><!-- close content main element --><\/div><\/div><div id='av_section_2'  class='avia-section av-qpvzlm-d3cae20369646c841e550ca0ed8b5730 main_color avia-section-default avia-no-shadow  avia-builder-el-3  el_after_av_section  el_before_av_section  avia-bg-style-scroll container_wrap sidebar_right'  ><div class='container av-section-cont-open' ><div class='template-page content  av-content-small alpha units'><div class='post-entry post-entry-type-page post-entry-4242'><div class='entry-content-wrapper clearfix'>\n\n<style type=\"text\/css\" data-created_by=\"avia_inline_auto\" id=\"style-css-av-lbqmlkzc-e101125e5f0eff57e2e6afbda3118e7c\">\n.iconbox.av-lbqmlkzc-e101125e5f0eff57e2e6afbda3118e7c .iconbox_icon{\nbackground-color:#4bb53d;\n}\n<\/style>\n<article  class='iconbox iconbox_top av-lbqmlkzc-e101125e5f0eff57e2e6afbda3118e7c  avia-builder-el-4  el_before_av_one_full  avia-builder-el-first  main_color'  itemscope=\"itemscope\" itemtype=\"https:\/\/schema.org\/CreativeWork\" ><div class=\"iconbox_content\"><header class=\"entry-content-header\"><div class=\"iconbox_icon heading-color\" aria-hidden='true' data-av_icon='\uf232' data-av_iconfont='entypo-fontello'><\/div><h3 class='iconbox_content_title '  itemprop=\"headline\" ><a href=\"https:\/\/wa.me\/905526485374\" title=\"\u062e\u0637 \u0627\u062a\u0635\u0627\u0644 \u0648\u0627\u062a\u0633\u0627\u0628\" target=\"_blank\" rel=\"noopener noreferrer\">\u062e\u0637 \u0627\u062a\u0635\u0627\u0644 \u0648\u0627\u062a\u0633\u0627\u0628<\/a><\/h3><\/header><div class='iconbox_content_container '  itemprop=\"text\" ><\/div><\/div><footer class=\"entry-footer\"><\/footer><\/article>\n<div class='flex_column av-mty9kq-c6715d45013743543afcdce7f3ebea47 av_one_full  avia-builder-el-5  el_after_av_icon_box  avia-builder-el-last  first flex_column_div '   ><section  class='av_textblock_section av-lbnlkwfy-ca3dd8e8f118c830ae4b4f1f0b7fefb4'  itemscope=\"itemscope\" itemtype=\"https:\/\/schema.org\/CreativeWork\" ><div class='avia_textblock'  itemprop=\"text\" ><h4 style=\"text-align: center;\">\u064a\u0645\u0643\u0646\u0643 \u0623\u0646 \u062a\u0637\u0644\u0628 \u0623\u0646 \u062a\u0643\u0648\u0646 \u0634\u0628\u0643\u062a\u0643 \u0623\u0648 \u0634\u0627\u0634\u0629 \u0627\u0644\u0637\u064a\u0631\u0627\u0646 \u0628\u0644\u0648\u0646 \u0645\u062e\u062a\u0644\u0641 \u064a\u0646\u0627\u0633\u0628 \u063a\u0631\u0641 \u0645\u0646\u0632\u0644\u0643.<br \/>\n\u0644\u0644\u062d\u0635\u0648\u0644 \u0639\u0644\u0649 \u0645\u0639\u0644\u0648\u0645\u0627\u062a \u0627\u0644\u0633\u0639\u0631 \u0648\u0627\u0644\u062d\u062c\u0645 \u060c \u064a\u0645\u0643\u0646\u0643 \u0625\u0646\u0634\u0627\u0621 \u0637\u0644\u0628 \u0639\u0646 \u0637\u0631\u064a\u0642 \u0625\u0631\u0633\u0627\u0644 \u0631\u0645\u0632 \u0627\u0644\u0644\u0648\u0646 \u0645\u0646 \u0643\u062a\u0627\u0644\u0648\u062c \u0627\u0644\u0623\u0644\u0648\u0627\u0646 \u0625\u0644\u0649 \u0632\u0645\u0644\u0627\u0626\u0646\u0627 \u0641\u064a \u0627\u0644\u0641\u0631\u064a\u0642 \u0639\u0628\u0631 \u062e\u0637 \u0627\u062a\u0635\u0627\u0644 whatsapp.<\/h4>\n<\/div><\/section><\/div><\/div><\/div><\/div><!-- close content main div --><\/div><\/div><div id='av_section_3'  class='avia-section av-6ey47u-236ec122a38d499e74c91dee186c93e1 main_color avia-section-default avia-no-shadow  avia-builder-el-7  el_after_av_section  el_before_av_one_full  avia-bg-style-scroll container_wrap sidebar_right'  ><div class='container av-section-cont-open' ><div class='template-page content  av-content-small alpha units'><div class='post-entry post-entry-type-page post-entry-4242'><div class='entry-content-wrapper clearfix'>\n<div class='flex_column av-49i9ka-66ae09af9d928cf1f62c2434aa8dabb5 av_one_full  avia-builder-el-8  el_before_av_one_fifth  avia-builder-el-first  first flex_column_div '   ><style type=\"text\/css\" data-created_by=\"avia_inline_auto\" id=\"style-css-av-2ucwze-93f1aa0981ef165b59168c48aaf3df2e\">\n#top .av-special-heading.av-2ucwze-93f1aa0981ef165b59168c48aaf3df2e{\npadding-bottom:10px;\n}\nbody .av-special-heading.av-2ucwze-93f1aa0981ef165b59168c48aaf3df2e .av-special-heading-tag .heading-char{\nfont-size:25px;\n}\n.av-special-heading.av-2ucwze-93f1aa0981ef165b59168c48aaf3df2e .av-subheading{\nfont-size:15px;\n}\n<\/style>\n<div  class='av-special-heading av-2ucwze-93f1aa0981ef165b59168c48aaf3df2e av-special-heading-h3 blockquote modern-quote modern-centered  avia-builder-el-9  avia-builder-el-no-sibling '><h3 class='av-special-heading-tag'  itemprop=\"headline\"  >PAZARYER\u0130 PROF\u0130LLER\u0130M\u0130Z<\/h3><div class='av-subheading av-subheading_below'><p>\u064a\u0645\u0643\u0646\u0643 \u0627\u0644\u0637\u0644\u0628 \u0645\u0646 \u0634\u0631\u0643\u062a\u0646\u0627 \u0628\u0627\u0633\u062a\u062e\u062f\u0627\u0645 \u0634\u0631\u0643\u0627\u0626\u0646\u0627 \u0627\u0644\u062a\u062c\u0627\u0631\u064a\u064a\u0646. \u0644\u0627 \u062a\u0646\u0633\u0649 \u0645\u062a\u0627\u0628\u0639\u0629 \u0645\u0644\u0641\u0627\u062a\u0646\u0627 \u0627\u0644\u0634\u062e\u0635\u064a\u0629 \u0644\u064a\u062a\u0645 \u062a\u0636\u0645\u064a\u0646\u0647\u0627 \u0641\u064a \u0627\u0644\u062d\u0645\u0644\u0627\u062a.<\/p>\n<\/div><div class=\"special-heading-border\"><div class=\"special-heading-inner-border\"><\/div><\/div><\/div><\/div><div class='flex_column av-6iyku2-ecaa2d5f9cb1f8c601fc3fe681989d9f av_one_fifth  avia-builder-el-10  el_after_av_one_full  el_before_av_one_fifth  first flex_column_div column-top-margin'   ><style type=\"text\/css\" data-created_by=\"avia_inline_auto\" id=\"style-css-av-lbpqg7ld-769e21f7ad8960b4656451f00650cd53\">\n.avia-image-container.av-lbpqg7ld-769e21f7ad8960b4656451f00650cd53 .av-image-caption-overlay-center{\ncolor:#ffffff;\n}\n<\/style>\n<div  class='avia-image-container av-lbpqg7ld-769e21f7ad8960b4656451f00650cd53 av-styling- avia-align-center  avia-builder-el-11  avia-builder-el-no-sibling '  itemprop=\"image\" itemscope=\"itemscope\" itemtype=\"https:\/\/schema.org\/ImageObject\" ><div class=\"avia-image-container-inner\"><div class=\"avia-image-overlay-wrap\"><a href=\"https:\/\/www.trendyol.com\/magaza\/faran-dekorasyon-m-287248?sst=0\" class=\"avia_image\" target=\"_blank\" rel=\"noopener noreferrer\"><img decoding=\"async\" class='wp-image-3989 avia-img-lazy-loading-not-3989 avia_image' src=\"https:\/\/farandekor.com\/wp-content\/uploads\/2022\/12\/trendyol-is-ortagi.webp\" alt='' title='Trendyol \u0130\u015f Orta\u011f\u0131'  height=\"74\" width=\"196\"  itemprop=\"thumbnailUrl\"  \/><\/a><\/div><\/div><\/div><\/div><div class='flex_column av-8lnme2-af2d767a8c5002880af4da976aa7798e av_one_fifth  avia-builder-el-12  el_after_av_one_fifth  el_before_av_one_fifth  flex_column_div column-top-margin'   ><style type=\"text\/css\" data-created_by=\"avia_inline_auto\" id=\"style-css-av-2irlu2-a22d7ea76e123ea71c48ac292743a272\">\n.avia-image-container.av-2irlu2-a22d7ea76e123ea71c48ac292743a272 .av-image-caption-overlay-center{\ncolor:#ffffff;\n}\n<\/style>\n<div  class='avia-image-container av-2irlu2-a22d7ea76e123ea71c48ac292743a272 av-styling- avia-align-center  avia-builder-el-13  avia-builder-el-no-sibling '  itemprop=\"image\" itemscope=\"itemscope\" itemtype=\"https:\/\/schema.org\/ImageObject\" ><div class=\"avia-image-container-inner\"><div class=\"avia-image-overlay-wrap\"><a href=\"https:\/\/www.hepsiburada.com\/magaza\/faran-dekorasyon\" class=\"avia_image\" target=\"_blank\" rel=\"noopener noreferrer\"><img decoding=\"async\" class='wp-image-3991 avia-img-lazy-loading-not-3991 avia_image' src=\"https:\/\/farandekor.com\/wp-content\/uploads\/2022\/12\/hepsiburada-is-ortagi.webp\" alt='' title='Hepsiburada \u0130\u015f Orta\u011f\u0131'  height=\"74\" width=\"196\"  itemprop=\"thumbnailUrl\"  \/><\/a><\/div><\/div><\/div><\/div><div class='flex_column av-4nwb96-89d08c9a7cabb3f026dade9b5f313851 av_one_fifth  avia-builder-el-14  el_after_av_one_fifth  el_before_av_one_fifth  flex_column_div column-top-margin'   ><style type=\"text\/css\" data-created_by=\"avia_inline_auto\" id=\"style-css-av-lbpspc90-87a1b9b889d95c90275ed48c11424a4f\">\n.avia-image-container.av-lbpspc90-87a1b9b889d95c90275ed48c11424a4f .av-image-caption-overlay-center{\ncolor:#ffffff;\n}\n<\/style>\n<div  class='avia-image-container av-lbpspc90-87a1b9b889d95c90275ed48c11424a4f av-styling- avia-align-center  avia-builder-el-15  avia-builder-el-no-sibling '  itemprop=\"image\" itemscope=\"itemscope\" itemtype=\"https:\/\/schema.org\/ImageObject\" ><div class=\"avia-image-container-inner\"><div class=\"avia-image-overlay-wrap\"><a href=\"https:\/\/www.hepsiburada.com\/magaza\/faran-dekorasyon\" class=\"avia_image\" target=\"_blank\" rel=\"noopener noreferrer\"><img decoding=\"async\" class='wp-image-4037 avia-img-lazy-loading-not-4037 avia_image' src=\"https:\/\/farandekor.com\/wp-content\/uploads\/2022\/12\/ciceksepeti-is-ortagi.webp\" alt='' title='\u00c7i\u00e7eksepeti \u0130\u015f Orta\u011f\u0131'  height=\"74\" width=\"196\"  itemprop=\"thumbnailUrl\"  \/><\/a><\/div><\/div><\/div><\/div><div class='flex_column av-2pjqey-856466f5bb2335490756077bf08c6966 av_one_fifth  avia-builder-el-16  el_after_av_one_fifth  el_before_av_one_fifth  flex_column_div column-top-margin'   ><p>\n<style type=\"text\/css\" data-created_by=\"avia_inline_auto\" id=\"style-css-av-7h6cyy-4145571c722aea436745b0e46decf4c7\">\n.avia-image-container.av-7h6cyy-4145571c722aea436745b0e46decf4c7 .av-image-caption-overlay-center{\ncolor:#ffffff;\n}\n<\/style>\n<div  class='avia-image-container av-7h6cyy-4145571c722aea436745b0e46decf4c7 av-styling- avia-align-center  avia-builder-el-17  el_before_av_image  avia-builder-el-first '  itemprop=\"image\" itemscope=\"itemscope\" itemtype=\"https:\/\/schema.org\/ImageObject\" ><div class=\"avia-image-container-inner\"><div class=\"avia-image-overlay-wrap\"><a href=\"https:\/\/www.hepsiburada.com\/magaza\/faran-dekorasyon\" class=\"avia_image\" target=\"_blank\" rel=\"noopener noreferrer\"><img decoding=\"async\" class='wp-image-4039 avia-img-lazy-loading-not-4039 avia_image' src=\"https:\/\/farandekor.com\/wp-content\/uploads\/2022\/12\/eptt-avm-is-ortagi-1.webp\" alt='' title='\u00c7i\u00e7eksepeti \u0130\u015f Orta\u011f\u0131'  height=\"74\" width=\"196\"  itemprop=\"thumbnailUrl\"  \/><\/a><\/div><\/div><\/div><br \/>\n\n<style type=\"text\/css\" data-created_by=\"avia_inline_auto\" id=\"style-css-av-lbpqx9cj-b2331590f4fb76b76d5d5a87a04f9be7\">\n.avia-image-container.av-lbpqx9cj-b2331590f4fb76b76d5d5a87a04f9be7 .av-image-caption-overlay-center{\ncolor:#ffffff;\n}\n<\/style>\n<div  class='avia-image-container av-lbpqx9cj-b2331590f4fb76b76d5d5a87a04f9be7 av-styling- avia-align-center  avia-builder-el-18  el_after_av_image  avia-builder-el-last '  itemprop=\"image\" itemscope=\"itemscope\" itemtype=\"https:\/\/schema.org\/ImageObject\" ><div class=\"avia-image-container-inner\"><div class=\"avia-image-overlay-wrap\"><a href=\"https:\/\/www.n11.com\/magaza\/farandekorasyon\" class=\"avia_image\" target=\"_blank\" rel=\"noopener noreferrer\"><img decoding=\"async\" class='wp-image- avia-img-lazy-loading-not- avia_image' src=\"https:\/\/farandekor.com\/wp-content\/uploads\/2022\/12\/e-ptt-avm-is-ortagi-300x125.png\" alt='' title=''   itemprop=\"thumbnailUrl\"  \/><\/a><\/div><\/div><\/div><\/p><\/div><div class='flex_column av-18wstm-b2e1a6bd8e753d4baf68549e98ea158e av_one_fifth  avia-builder-el-19  el_after_av_one_fifth  avia-builder-el-last  flex_column_div column-top-margin'   ><style type=\"text\/css\" data-created_by=\"avia_inline_auto\" id=\"style-css-av-au92ju-36778a88d6f895283f4a24ac9735959f\">\n.avia-image-container.av-au92ju-36778a88d6f895283f4a24ac9735959f .av-image-caption-overlay-center{\ncolor:#ffffff;\n}\n<\/style>\n<div  class='avia-image-container av-au92ju-36778a88d6f895283f4a24ac9735959f av-styling- avia-align-center  avia-builder-el-20  avia-builder-el-no-sibling '  itemprop=\"image\" itemscope=\"itemscope\" itemtype=\"https:\/\/schema.org\/ImageObject\" ><div class=\"avia-image-container-inner\"><div class=\"avia-image-overlay-wrap\"><a href=\"https:\/\/www.n11.com\/magaza\/farandekorasyon\" class=\"avia_image\" target=\"_blank\" rel=\"noopener noreferrer\"><img decoding=\"async\" class='wp-image-3993 avia-img-lazy-loading-not-3993 avia_image' src=\"https:\/\/farandekor.com\/wp-content\/uploads\/2022\/12\/n11-is-ortagi.webp\" alt='' title='n11 \u0130\u015f Orta\u011f\u0131'  height=\"74\" width=\"196\"  itemprop=\"thumbnailUrl\"  \/><\/a><\/div><\/div><\/div><\/div>\n<\/div><\/div><\/div><!-- close content main div --><\/div><\/div><div id='after_section_3'  class='main_color av_default_container_wrap container_wrap sidebar_right'  ><div class='container av-section-cont-open' ><div class='template-page content  av-content-small alpha units'><div class='post-entry post-entry-type-page post-entry-4242'><div class='entry-content-wrapper clearfix'><\/p>\n<div class='flex_column av-6aaxp6-e4ef53fdef5d123e740a82772bafac5a av_one_full  avia-builder-el-21  el_after_av_section  el_before_av_codeblock  avia-builder-el-first  first flex_column_div '   ><section  class='av_textblock_section av-lbp80spf-133f2e0fab5d8c6efd7e99481674d847'  itemscope=\"itemscope\" itemtype=\"https:\/\/schema.org\/CreativeWork\" ><div class='avia_textblock'  itemprop=\"text\" ><h2 style=\"text-align: center;\">\u062a\u0639\u0644\u064a\u0642\u0627\u062a \u0627\u0644\u0639\u0645\u0644\u0627\u0621<\/h2>\n<\/div><\/section><br \/>\n<div  class='hr av-lbp85029-8d44d336da9b24aa5c7fbe39a41ff4a3 hr-short  avia-builder-el-23  el_after_av_textblock  el_before_av_testimonials  hr-center'><span class='hr-inner '><span class=\"hr-inner-style\"><\/span><\/span><\/div><br \/>\n<div  class='avia-testimonial-wrapper av-4c7kne-bbcc14ac68851a7ffcd12a82e21a8696 avia-grid-testimonials avia-grid-2-testimonials avia_animate_when_almost_visible'  data-autoplay='1'  data-interval='5'  data-animation='fade'  data-hoverpause='1' >\n<section class=\"avia-testimonial-row\"><div class='avia-testimonial av-35p822-fbb025260434c0c5d152cd6969f7e073 avia-testimonial-row-1 avia-first-testimonial flex_column no_margin av_one_half'><div class='avia-testimonial_inner'  itemscope=\"itemscope\" itemtype=\"https:\/\/schema.org\/CreativeWork\" ><div class='avia-testimonial-image'  itemprop=\"image\" ><img loading=\"lazy\" decoding=\"async\" width=\"120\" height=\"120\" src=\"https:\/\/farandekor.com\/wp-content\/uploads\/2022\/12\/farandekor-icon.jpg\" class=\"attachment-square size-square\" alt=\"\" srcset=\"https:\/\/farandekor.com\/wp-content\/uploads\/2022\/12\/farandekor-icon.jpg 120w, https:\/\/farandekor.com\/wp-content\/uploads\/2022\/12\/farandekor-icon-80x80.jpg 80w, https:\/\/farandekor.com\/wp-content\/uploads\/2022\/12\/farandekor-icon-36x36.jpg 36w\" sizes=\"auto, (max-width: 120px) 100vw, 120px\" \/><\/div><div class='avia-testimonial-content '><div class='avia-testimonial-markup-entry-content'  itemprop=\"text\" ><p>\u0645\u0648\u0638\u0641\u064a\u0646 \u0630\u0648\u064a \u062e\u0628\u0631\u0629 \u0648\u0645\u0646\u062a\u062c\u0627\u062a \u0639\u0627\u0644\u064a\u0629 \u0627\u0644\u062c\u0648\u062f\u0629 \u0648\u0623\u0633\u0639\u0627\u0631 \u0645\u0639\u0642\u0648\u0644\u0629. \u062a\u0646\u062a\u062c \u0646\u0645\u0627\u0630\u062c \u0627\u0644\u0646\u0627\u0645\u0648\u0633\u064a\u0627\u062a \u0628\u0627\u0644\u0644\u0648\u0646 \u0627\u0644\u0645\u0637\u0644\u0648\u0628 \u0628\u0639\u0646\u0627\u064a\u0629 \u0641\u0627\u0626\u0642\u0629.<\/p>\n<\/div><\/div><div class=\"avia-testimonial-meta\"><div class=\"avia-testimonial-arrow-wrap\"><div class=\"avia-arrow\"><\/div><\/div><div class='avia-testimonial-meta-mini'  itemprop=\"author\" itemscope=\"itemscope\" itemtype=\"https:\/\/schema.org\/Person\" ><strong  class='avia-testimonial-name'  itemprop=\"name\" >Ufuk Salt\u0131k<\/strong><span  class='avia-testimonial-subtitle '  itemprop=\"jobTitle\" >Google<\/span><\/div><\/div><\/div><\/div>\n<div class='avia-testimonial av-35p822-0882140f8f275b5645a2aed179fc1d56 avia-testimonial-row-1 avia-last-testimonial flex_column no_margin av_one_half'><div class='avia-testimonial_inner'  itemscope=\"itemscope\" itemtype=\"https:\/\/schema.org\/CreativeWork\" ><div class='avia-testimonial-image'  itemprop=\"image\" ><img loading=\"lazy\" decoding=\"async\" width=\"120\" height=\"120\" src=\"https:\/\/farandekor.com\/wp-content\/uploads\/2022\/12\/farandekor-icon.jpg\" class=\"attachment-square size-square\" alt=\"\" srcset=\"https:\/\/farandekor.com\/wp-content\/uploads\/2022\/12\/farandekor-icon.jpg 120w, https:\/\/farandekor.com\/wp-content\/uploads\/2022\/12\/farandekor-icon-80x80.jpg 80w, https:\/\/farandekor.com\/wp-content\/uploads\/2022\/12\/farandekor-icon-36x36.jpg 36w\" sizes=\"auto, (max-width: 120px) 100vw, 120px\" \/><\/div><div class='avia-testimonial-content '><div class='avia-testimonial-markup-entry-content'  itemprop=\"text\" ><div class=\"avia-testimonial-content \">\n<div class=\"avia-testimonial-markup-entry-content\">\n<p>\u0643\u0644\u0627\u0647\u0645\u0627 \u0642\u0636\u0649 \u0639\u0644\u0649 \u0627\u0644\u0645\u0638\u0647\u0631 \u0627\u0644\u0633\u064a\u0626 \u0644\u0644\u0645\u0643\u0627\u0646 \u0627\u0644\u0630\u064a \u0627\u0633\u062a\u062e\u062f\u0645\u062a\u0647 \u0648\u0633\u0627\u0639\u062f \u0641\u064a \u0639\u0632\u0644 \u0627\u0644\u062d\u0631\u0627\u0631\u0629. \u0627\u0644\u0645\u0648\u0627\u062f \u0630\u0627\u062a \u0646\u0648\u0639\u064a\u0629 \u062c\u064a\u062f\u0629 \u0648\u0644\u064a\u0633\u062a \u0645\u062b\u0644 \u0627\u0644\u0623\u0628\u0648\u0627\u0628 \u0627\u0644\u0628\u0644\u0627\u0633\u062a\u064a\u0643\u064a\u0629 \u0627\u0644\u0631\u062f\u064a\u0626\u0629. \u0627\u0646\u0627 \u0627\u0646\u0635\u062d.<\/p>\n<\/div>\n<\/div>\n<\/div><\/div><div class=\"avia-testimonial-meta\"><div class=\"avia-testimonial-arrow-wrap\"><div class=\"avia-arrow\"><\/div><\/div><div class='avia-testimonial-meta-mini'  itemprop=\"author\" itemscope=\"itemscope\" itemtype=\"https:\/\/schema.org\/Person\" ><strong  class='avia-testimonial-name'  itemprop=\"name\" >Melih Din\u00e7<\/strong><span  class='avia-testimonial-subtitle '  itemprop=\"jobTitle\" >Google<\/span><\/div><\/div><\/div><\/div><\/section>\n<section class=\"avia-testimonial-row\"><div class='avia-testimonial av-35p822-db23596212881f61b595d60865fbd709 avia-testimonial-row-2 avia-first-testimonial flex_column no_margin av_one_half'><div class='avia-testimonial_inner'  itemscope=\"itemscope\" itemtype=\"https:\/\/schema.org\/CreativeWork\" ><div class='avia-testimonial-image'  itemprop=\"image\" ><img loading=\"lazy\" decoding=\"async\" width=\"120\" height=\"120\" src=\"https:\/\/farandekor.com\/wp-content\/uploads\/2022\/12\/farandekor-icon.jpg\" class=\"attachment-square size-square\" alt=\"\" srcset=\"https:\/\/farandekor.com\/wp-content\/uploads\/2022\/12\/farandekor-icon.jpg 120w, https:\/\/farandekor.com\/wp-content\/uploads\/2022\/12\/farandekor-icon-80x80.jpg 80w, https:\/\/farandekor.com\/wp-content\/uploads\/2022\/12\/farandekor-icon-36x36.jpg 36w\" sizes=\"auto, (max-width: 120px) 100vw, 120px\" \/><\/div><div class='avia-testimonial-content '><div class='avia-testimonial-markup-entry-content'  itemprop=\"text\" ><div class=\"avia-testimonial-content \">\n<div class=\"avia-testimonial-markup-entry-content\">\n<p>\u0625\u0646\u0647\u0645 \u064a\u0642\u0648\u0645\u0648\u0646 \u0628\u0639\u0645\u0644 \u0631\u0627\u0626\u0639 \u0628\u062e\u0628\u0631\u062a\u0647\u0645 \u0648\u062c\u0648\u062f\u062a\u0647\u0645! \u0645\u062b\u0627\u0644\u064a \u0644\u0625\u0636\u0627\u0641\u0629 \u062c\u0648 \u0645\u062e\u062a\u0644\u0641 \u0644\u0644\u0645\u0646\u0627\u0632\u0644 \u0648\u0627\u0644\u0634\u0631\u0643\u0627\u062a.<\/p>\n<\/div>\n<\/div>\n<\/div><\/div><div class=\"avia-testimonial-meta\"><div class=\"avia-testimonial-arrow-wrap\"><div class=\"avia-arrow\"><\/div><\/div><div class='avia-testimonial-meta-mini'  itemprop=\"author\" itemscope=\"itemscope\" itemtype=\"https:\/\/schema.org\/Person\" ><strong  class='avia-testimonial-name'  itemprop=\"name\" >Deniz Sar\u0131kaya<\/strong><span  class='avia-testimonial-subtitle '  itemprop=\"jobTitle\" >HepsiBurada<\/span><\/div><\/div><\/div><\/div>\n<div class='avia-testimonial av-35p822-fbb025260434c0c5d152cd6969f7e073 avia-testimonial-row-2 avia-last-testimonial flex_column no_margin av_one_half'><div class='avia-testimonial_inner'  itemscope=\"itemscope\" itemtype=\"https:\/\/schema.org\/CreativeWork\" ><div class='avia-testimonial-image'  itemprop=\"image\" ><img loading=\"lazy\" decoding=\"async\" width=\"120\" height=\"120\" src=\"https:\/\/farandekor.com\/wp-content\/uploads\/2022\/12\/farandekor-icon.jpg\" class=\"attachment-square size-square\" alt=\"\" srcset=\"https:\/\/farandekor.com\/wp-content\/uploads\/2022\/12\/farandekor-icon.jpg 120w, https:\/\/farandekor.com\/wp-content\/uploads\/2022\/12\/farandekor-icon-80x80.jpg 80w, https:\/\/farandekor.com\/wp-content\/uploads\/2022\/12\/farandekor-icon-36x36.jpg 36w\" sizes=\"auto, (max-width: 120px) 100vw, 120px\" \/><\/div><div class='avia-testimonial-content '><div class='avia-testimonial-markup-entry-content'  itemprop=\"text\" ><p>\u0645\u0648\u0638\u0641\u064a\u0646 \u0630\u0648\u064a \u062e\u0628\u0631\u0629 \u0648\u0645\u0646\u062a\u062c\u0627\u062a \u0639\u0627\u0644\u064a\u0629 \u0627\u0644\u062c\u0648\u062f\u0629 \u0648\u0623\u0633\u0639\u0627\u0631 \u0645\u0639\u0642\u0648\u0644\u0629. \u062a\u0646\u062a\u062c \u0646\u0645\u0627\u0630\u062c \u0627\u0644\u0646\u0627\u0645\u0648\u0633\u064a\u0627\u062a \u0628\u0627\u0644\u0644\u0648\u0646 \u0627\u0644\u0645\u0637\u0644\u0648\u0628 \u0628\u0639\u0646\u0627\u064a\u0629 \u0641\u0627\u0626\u0642\u0629.<\/p>\n<\/div><\/div><div class=\"avia-testimonial-meta\"><div class=\"avia-testimonial-arrow-wrap\"><div class=\"avia-arrow\"><\/div><\/div><div class='avia-testimonial-meta-mini'  itemprop=\"author\" itemscope=\"itemscope\" itemtype=\"https:\/\/schema.org\/Person\" ><strong  class='avia-testimonial-name'  itemprop=\"name\" >Ufuk Salt\u0131k<\/strong><span  class='avia-testimonial-subtitle '  itemprop=\"jobTitle\" >Google<\/span><\/div><\/div><\/div><\/div><\/section>\n<\/div><\/p><\/div>\n\n","protected":false},"excerpt":{"rendered":"","protected":false},"author":1,"featured_media":0,"parent":0,"menu_order":0,"comment_status":"open","ping_status":"open","template":"","meta":{"footnotes":""},"class_list":["post-4242","page","type-page","status-publish","hentry"],"_links":{"self":[{"href":"https:\/\/farandekor.com\/ar\/wp-json\/wp\/v2\/pages\/4242","targetHints":{"allow":["GET"]}}],"collection":[{"href":"https:\/\/farandekor.com\/ar\/wp-json\/wp\/v2\/pages"}],"about":[{"href":"https:\/\/farandekor.com\/ar\/wp-json\/wp\/v2\/types\/page"}],"author":[{"embeddable":true,"href":"https:\/\/farandekor.com\/ar\/wp-json\/wp\/v2\/users\/1"}],"replies":[{"embeddable":true,"href":"https:\/\/farandekor.com\/ar\/wp-json\/wp\/v2\/comments?post=4242"}],"version-history":[{"count":1,"href":"https:\/\/farandekor.com\/ar\/wp-json\/wp\/v2\/pages\/4242\/revisions"}],"predecessor-version":[{"id":4243,"href":"https:\/\/farandekor.com\/ar\/wp-json\/wp\/v2\/pages\/4242\/revisions\/4243"}],"wp:attachment":[{"href":"https:\/\/farandekor.com\/ar\/wp-json\/wp\/v2\/media?parent=4242"}],"curies":[{"name":"wp","href":"https:\/\/api.w.org\/{rel}","templated":true}]}}